{"id":89,"date":"2017-07-02T14:23:15","date_gmt":"2017-07-02T12:23:15","guid":{"rendered":"https:\/\/kjg.aardvark.it\/?page_id=89"},"modified":"2017-07-10T15:09:37","modified_gmt":"2017-07-10T13:09:37","slug":"zahlen-und-fakten","status":"publish","type":"page","link":"https:\/\/kjg-rebland.de\/?page_id=89","title":{"rendered":"Zahlen und Fakten"},"content":{"rendered":"<p>Die freiwillige Jugendarbeit erbringt eine gro\u00dfe gemeinn\u00fctzige Leistung in den einzelnen Kommunen. Diese m\u00f6chten wir an dieser Stelle mit einigen Zahlen etwas verdeutlichen&#8230;<\/p>\n<p>&nbsp;<\/p>\n<p align=\"center\">&#8230;einmal genauer erl\u00e4utert und in Zahlen.<\/p>\n<p align=\"center\"><strong>37.500.500 Stunden<\/strong><\/p>\n<p align=\"center\">oder<\/p>\n<p align=\"center\"><strong>1.500.000 Tage<\/strong><\/p>\n<p align=\"center\">oder<\/p>\n<p align=\"center\"><strong>4.921 Jahre<\/strong><\/p>\n<p align=\"center\">verbringen Kinder und Jugendliche j\u00e4hrlich in Angeboten der Jugendarbeit<\/p>\n<p align=\"center\">der katholischen Kirche in Baden-W\u00fcrttemberg.<\/p>\n<p align=\"center\"><strong>98.932 Tage im Jahr<\/strong>&nbsp;werden MitarbeiterInnen durch Schulungen und Seminare f\u00fcr ihre Aufgaben geschult.<\/p>\n<p align=\"center\">Auch wir beginnen unsere Laufbahn als &#8222;Gruli&#8220;, als Mitarbeiter, mit einem Gruppenleiter-Grundkurs und nehmen Angebote des Dekanates wahr um uns weiterzubilden.<\/p>\n<p align=\"center\">In Baden-W\u00fcrttemberg wurden 2003 folgende Zahlen der katholischen Jugendarbeit ermittelt:<\/p>\n<div>\n<table id=\"AutoNumber2\" width=\"60%\" cellspacing=\"0\" cellpadding=\"0\" border=\"0\">\n<tbody>\n<tr>\n<td width=\"100%\">\n<ul>\n<li>307.075 Kinder und Jugendliche haben an div. Veranstaltungen teilgenommen<\/li>\n<\/ul>\n<\/td>\n<\/tr>\n<tr>\n<td width=\"100%\">\n<ul>\n<li>121.514 Kinder nahmen regelm\u00e4\u00dfig an Gruppenstunden teil<\/li>\n<\/ul>\n<\/td>\n<\/tr>\n<tr>\n<td width=\"100%\">\n<ul>\n<li>18.144 GruppenleiterInnen betreuen sie<\/li>\n<\/ul>\n<\/td>\n<\/tr>\n<tr>\n<td width=\"100%\">\n<ul>\n<li>bei uns derzeit 30 &#8211; 40 Grulis aus den 3 Gemeinden<\/li>\n<\/ul>\n<\/td>\n<\/tr>\n<\/tbody>\n<\/table>\n<\/div>\n<p align=\"justify\">Dies alles ist nur m\u00f6glich, durch die ehrenamtliche T\u00e4tigkeit der Gruppenleiter und den Leuten die uns Unterst\u00fctzen, z.B. dem K\u00fcchenteam im Zeltlager.<\/p>\n<p align=\"justify\">Dennoch werden auch finanzielle Mittel ben\u00f6tigt, wobei die staatlichen Zusch\u00fcsse eine wichtige Rolle spielen. Und hier wird es immer schwieriger. In 2004 wurde auch im Haushalt der Stadt Baden-Baden der Posten f\u00fcr Jugendarbeit drastisch gek\u00fcrzt. W\u00fcrde man aber die Kosten eines fest angestellten Mitarbeiters einmal aufrechnen und mit den Zahlen gegen\u00fcberstellen, die in den entsprechenden Haushalten durch die Ehren\u00e4mter eingespart werden, so m\u00fcssten Unsummen bezahlt um die reichhaltigen Angebote der Jugendarbeit wie sie die KjG bietet zu finanzieren.<\/p>\n<p align=\"center\">Bei einem fiktiven Stundenlohn eines Jugend-\/Sozialarbeiters von<\/p>\n<p align=\"center\"><strong>5,-\u20ac<\/strong><\/p>\n<p align=\"center\">m\u00fcssten in ganz Baden-W\u00fcrttemberg<\/p>\n<p align=\"center\"><strong>187.500.000,-\u20ac<\/strong><\/p>\n<p align=\"center\">aufgebracht werden um die Kinder- und Jugendarbeit der katholischen Kirche zu finanzieren.<\/p>\n","protected":false},"excerpt":{"rendered":"<p>Die freiwillige Jugendarbeit erbringt eine gro\u00dfe gemeinn\u00fctzige Leistung in den einzelnen Kommunen. Diese m\u00f6chten wir an dieser Stelle mit einigen Zahlen etwas verdeutlichen&#8230; &nbsp; &#8230;einmal genauer erl\u00e4utert und in Zahlen. 37.500.500 Stunden oder 1.500.000 Tage oder 4.921 Jahre verbringen Kinder und Jugendliche j\u00e4hrlich in Angeboten der Jugendarbeit der katholischen Kirche [&hellip;]<\/p>\n","protected":false},"author":7,"featured_media":0,"parent":42,"menu_order":3,"comment_status":"closed","ping_status":"closed","template":"","meta":{"ngg_post_thumbnail":0,"footnotes":""},"class_list":["post-89","page","type-page","status-publish","hentry"],"rttpg_featured_image_url":null,"rttpg_author":{"display_name":"KjG","author_link":"https:\/\/kjg-rebland.de\/?author=7"},"rttpg_comment":0,"rttpg_category":null,"rttpg_excerpt":"Die freiwillige Jugendarbeit erbringt eine gro\u00dfe gemeinn\u00fctzige Leistung in den einzelnen Kommunen. Diese m\u00f6chten wir an dieser Stelle mit einigen Zahlen etwas verdeutlichen&#8230; &nbsp; &#8230;einmal genauer erl\u00e4utert und in Zahlen. 37.500.500 Stunden oder 1.500.000 Tage oder 4.921 Jahre verbringen Kinder und Jugendliche j\u00e4hrlich in Angeboten der Jugendarbeit der katholischen Kirche [&hellip;]","_links":{"self":[{"href":"https:\/\/kjg-rebland.de\/index.php?rest_route=\/wp\/v2\/pages\/89","targetHints":{"allow":["GET"]}}],"collection":[{"href":"https:\/\/kjg-rebland.de\/index.php?rest_route=\/wp\/v2\/pages"}],"about":[{"href":"https:\/\/kjg-rebland.de\/index.php?rest_route=\/wp\/v2\/types\/page"}],"author":[{"embeddable":true,"href":"https:\/\/kjg-rebland.de\/index.php?rest_route=\/wp\/v2\/users\/7"}],"replies":[{"embeddable":true,"href":"https:\/\/kjg-rebland.de\/index.php?rest_route=%2Fwp%2Fv2%2Fcomments&post=89"}],"version-history":[{"count":3,"href":"https:\/\/kjg-rebland.de\/index.php?rest_route=\/wp\/v2\/pages\/89\/revisions"}],"predecessor-version":[{"id":340,"href":"https:\/\/kjg-rebland.de\/index.php?rest_route=\/wp\/v2\/pages\/89\/revisions\/340"}],"up":[{"embeddable":true,"href":"https:\/\/kjg-rebland.de\/index.php?rest_route=\/wp\/v2\/pages\/42"}],"wp:attachment":[{"href":"https:\/\/kjg-rebland.de\/index.php?rest_route=%2Fwp%2Fv2%2Fmedia&parent=89"}],"curies":[{"name":"wp","href":"https:\/\/api.w.org\/{rel}","templated":true}]}}