{"id":87,"date":"2017-07-02T14:22:49","date_gmt":"2017-07-02T12:22:49","guid":{"rendered":"https:\/\/kjg.aardvark.it\/?page_id=87"},"modified":"2017-07-10T15:06:57","modified_gmt":"2017-07-10T13:06:57","slug":"gruppenstunden","status":"publish","type":"page","link":"https:\/\/kjg-rebland.de\/?page_id=87","title":{"rendered":"Gruppenstunden"},"content":{"rendered":"<p>Jeder Sch\u00fcler und jede Sch\u00fclerin haben ab der 5. Klasse die M\u00f6glichkeit, die Gruppenstunde in ihrer Gemeinde zu besuchen. Jede Gemeinde hat f\u00fcr jeden Jahrgang jeweils einen Gruppenleiter f\u00fcr die M\u00e4dchen und einen f\u00fcr die Jungen.<\/p>\n<p>In der Gruppenstunde haben die Kinder die M\u00f6glichkeit, ihre alten Schulkameraden aus der Grundschule wieder zu sehen, auch wenn sie nicht mehr auf der selben Schule sind. Durch die Gruppenstunde wird oft vermieden, dass der Kontakt zwischen den Kindern abrei\u00dft, auch wenn ihre schulischen Wege getrennt sind.<\/p>\n<p>&nbsp;<\/p>\n<p>In der Regel besteht der Kontakt zu dem leitenden Gruppenleiter seit der Kinderferienwoche. Dieser l\u00e4dt nach den Sommerferien alle Kinder seiner Altersklasse zur Gruppenstunde ein, egal ob sie bei der Kinderferienwoche teilgenommen haben. In der Regel hat jeder Gruppenleiter den Grundkurs absolviert. In diesem Kurs erlernt der Gruppenleiter viele wichtige Dinge f\u00fcr sein Dasein als Gruppenleiter und f\u00fcr das Leiten einer Gruppenstunde.<\/p>\n<p>In der ersten Gruppenstunde wird zun\u00e4chst ein w\u00f6chentlicher Termin ausgemacht, zu dem man sich trifft. Man versucht einen Wochentag und eine Uhrzeit zu finden, zu der m\u00f6glichst viele Teilnehmer Zeit haben. Mit dem Besuch der Gruppenstunde wird auch die Anmeldung bei der KjG notwendig. Diese Mitgliedschaft kostet nur 25,00\u20ac im Jahr; bei zwei Mitgliedern pro Familie nur 45,00\u20ac. Durch die Mitgliedschaft ist ihr Kind versichert, falls irgendetwas passieren sollte. Der Beitrag von 25,00\u20ac dient allerdings nicht um uns zu bereichern, sondern wird nach Freiburg abgef\u00fchrt. Hier, in der Verwaltung s\u00e4mtlicher KjG-Ortsvereine, werden die Beitr\u00e4ge der ganzen Erzdi\u00f6zese Freiburg verwaltet und flie\u00dfen in einen Haushaltsplan ein.\u00a0Aus diesem geht das Geld wieder indirekt an uns zur\u00fcck. Z.B. durch Materialien die wir vom Jugendb\u00fcro zur Verf\u00fcgung gestellt bekommen. Aber auch in Versicherungen durch welche die Kinder abgesichert sind. Ebenso werden unter anderem auch Lehrg\u00e4nge und Fortbildungen der Gruppenleiter finanziert.<\/p>\n<p>Durch einen Interessenaustausch mit den Kindern kann der Gruppenleiter sich das Programm f\u00fcr die folgenden Gruppenstunden ausdenken. Das Programm wird so gestaltet, dass es Kindern viel Spa\u00df bereitet. Deswegen werden die Kinder auch oft in die Planung mit einbezogen. Je nach Alter und Geschlecht wird in den Gruppenstunden gebastelt, gekocht, Spiele gespielt, Sport wie Fu\u00dfball, Volleyball, etc. betrieben, Ausfl\u00fcge gemacht oder einfach nur zusammen gesessen, um miteinander zu plaudern.<\/p>\n<p>Die Gruppenstunde besteht in der Regel bis zum Ende der 10. Klasse. Haben die Teilnehmer nun Interesse an der Jugendarbeit bekommen, sind sie nun selbst alt genug, um Gruppenleiter zu werden und eine eigene Gruppe zu \u00fcbernehmen.<\/p>\n","protected":false},"excerpt":{"rendered":"<p>Jeder Sch\u00fcler und jede Sch\u00fclerin haben ab der 5. Klasse die M\u00f6glichkeit, die Gruppenstunde in ihrer Gemeinde zu besuchen. Jede Gemeinde hat f\u00fcr jeden Jahrgang jeweils einen Gruppenleiter f\u00fcr die M\u00e4dchen und einen f\u00fcr die Jungen. In der Gruppenstunde haben die Kinder die M\u00f6glichkeit, ihre alten Schulkameraden aus der Grundschule [&hellip;]<\/p>\n","protected":false},"author":7,"featured_media":0,"parent":42,"menu_order":2,"comment_status":"closed","ping_status":"closed","template":"","meta":{"ngg_post_thumbnail":0,"footnotes":""},"class_list":["post-87","page","type-page","status-publish","hentry"],"rttpg_featured_image_url":null,"rttpg_author":{"display_name":"KjG","author_link":"https:\/\/kjg-rebland.de\/?author=7"},"rttpg_comment":0,"rttpg_category":null,"rttpg_excerpt":"Jeder Sch\u00fcler und jede Sch\u00fclerin haben ab der 5. Klasse die M\u00f6glichkeit, die Gruppenstunde in ihrer Gemeinde zu besuchen. Jede Gemeinde hat f\u00fcr jeden Jahrgang jeweils einen Gruppenleiter f\u00fcr die M\u00e4dchen und einen f\u00fcr die Jungen. In der Gruppenstunde haben die Kinder die M\u00f6glichkeit, ihre alten Schulkameraden aus der Grundschule [&hellip;]","_links":{"self":[{"href":"https:\/\/kjg-rebland.de\/index.php?rest_route=\/wp\/v2\/pages\/87","targetHints":{"allow":["GET"]}}],"collection":[{"href":"https:\/\/kjg-rebland.de\/index.php?rest_route=\/wp\/v2\/pages"}],"about":[{"href":"https:\/\/kjg-rebland.de\/index.php?rest_route=\/wp\/v2\/types\/page"}],"author":[{"embeddable":true,"href":"https:\/\/kjg-rebland.de\/index.php?rest_route=\/wp\/v2\/users\/7"}],"replies":[{"embeddable":true,"href":"https:\/\/kjg-rebland.de\/index.php?rest_route=%2Fwp%2Fv2%2Fcomments&post=87"}],"version-history":[{"count":3,"href":"https:\/\/kjg-rebland.de\/index.php?rest_route=\/wp\/v2\/pages\/87\/revisions"}],"predecessor-version":[{"id":337,"href":"https:\/\/kjg-rebland.de\/index.php?rest_route=\/wp\/v2\/pages\/87\/revisions\/337"}],"up":[{"embeddable":true,"href":"https:\/\/kjg-rebland.de\/index.php?rest_route=\/wp\/v2\/pages\/42"}],"wp:attachment":[{"href":"https:\/\/kjg-rebland.de\/index.php?rest_route=%2Fwp%2Fv2%2Fmedia&parent=87"}],"curies":[{"name":"wp","href":"https:\/\/api.w.org\/{rel}","templated":true}]}}