{"id":82,"date":"2017-07-02T14:21:42","date_gmt":"2017-07-02T12:21:42","guid":{"rendered":"https:\/\/kjg.aardvark.it\/?page_id=82"},"modified":"2023-07-20T14:52:28","modified_gmt":"2023-07-20T12:52:28","slug":"zeltlager","status":"publish","type":"page","link":"https:\/\/kjg-rebland.de\/?page_id=82","title":{"rendered":"Zeltlager"},"content":{"rendered":"<p>Das Zeltlager ist f\u00fcr uns als Verein das Highlight des Jahres! Jedes Jahr verreisen wir in den ersten beiden Wochen der Sommerferien gemeinsam zu einem Zeltplatz in der Region. Eingeladen sind hierzu alle interessierten Kinder von der 5. bis zur 10. Klasse, unabh\u00e4ngig von Religion oder Konfession.&nbsp;<\/p>\n<p>&nbsp;<\/p>\n<p>Bereits Monate vor der Abreise beginnt unsere Leiterrunde mit der Vorbereitung des Zeltlagers. Alles rund um den Zeltplatz wird fr\u00fchzeitig abgekl\u00e4rt. Zudem m\u00fcssen wir jedes Jahr einen K\u00fchlwagen, einen K\u00fcchencontainer, Busse und Toi Tois organisieren. Auch die freiwilligen Helfer, die uns jedes Jahr in der K\u00fcche tatkr\u00e4ftig unterst\u00fctzen m\u00fcssen erstmal gefunden werden. Dar\u00fcber hinaus bereiten wir ein abwechslungsreiches Programm, entsprechend unserem Motto vor. Dazu geh\u00f6rt es Kost\u00fcme, Ausfl\u00fcge, Spiele und vieles mehr zu planen.&nbsp;<\/p>\n<p>&nbsp;<\/p>\n<p>Mit durchschnittlich 60 bis 80 Teilnehmern und ca. 25 Gruppenleitern geht es am Freitag vor der Abfahrt mit der Gep\u00e4ckabgabe und dem Aufladen des notwendigen Materials dann endlich los. \u00dcber 15 Zelte mit Stangen und B\u00f6den, Pavillons, mehrere Rollen Folie, zwei K\u00fcchencontainer, tonnenweise Gep\u00e4ck und Essen m\u00fcssen ersteinmal verstaut werden. Ohne den Lastzug mit Kran, mit dem uns die Firma KELLER Spezialtiefbau schon \u00fcber Jahre hinweg kostenlos unterst\u00fctzt sowie dem pers\u00f6nlichen Einsatz ihres Mitarbeiters Markus Van Daak w\u00e4re dies ein verlorenes Unterfangen.&nbsp;<\/p>\n<p>Am Montag darauf heisst es dann f\u00fcr alle Teilnehmer Abschied nehmen f\u00fcr insgesamt 12 Tage Zeltlager &#8211; und damit Natur-pur! Der erste Tag wird voll und ganz dem Aufbau gewidmet &#8211; auch wenn schon durch die Gruppenleiter einiges im Vorlager vorbereitet wurde: das eigene Zelt und ein Vorzelt wollen dennoch selbst aufgebaut werden. Und damit nicht genug: Duschen, eine Tischtennisplatte, ein Fussballfeld, ein Volleyballfeld, ein Badmintonfeld, uvm. folgen noch!<\/p>\n<p>Nach dem Fertigstellen s\u00e4mtlicher Aufbauten geht dann das eigentliche Programm los. Hier wird Wert auf Abwechslung gelegt: \u00dcber Waldspiele, mitgestalteten Abendshow, Discos, Nachtspiele, Gruppenp\u00e4dagogische Spiele, Wellness, Lagerfeuer singen, Stockbrot, Nachtwache, Hindernisl\u00e4ufe, Sportturniere, Bastelworkshops, Schwimmbadbesuche, bis hin zu einem Gottesdiensttag mit unseren Geistlichen Leitern Wolfgang Nei\u00df, Lena Frey und Julia Schweinfurth und letzten Endes dem Abbau&#8230;<\/p>\n<p>Nach 12 Tagen wird dann die Heimreise angetreten &#8211; selbstverst\u00e4ndlich erst, nachdem alles abgebaut und sorgf\u00e4ltig verstaut wurde.<\/p>\n<p>Doch schon wenige Wochen nach dem Zeltlager wird es Zeit f\u00fcr ein Wiedersehen: Beim Nachtreffen! Hier lassen wir das Erlebte nochmals ein wenig aufleben: Bei Kaffee und Kuchen wird durch ein kleines Programm geleitet mit einer ausf\u00fchrlichen Diashow als Hauptpunkt.<\/p>\n<p>Und dann heisst es: Auf ein Wiedersehen!<\/p>\n","protected":false},"excerpt":{"rendered":"<p>Das Zeltlager ist f\u00fcr uns als Verein das Highlight des Jahres! Jedes Jahr verreisen wir in den ersten beiden Wochen der Sommerferien gemeinsam zu einem Zeltplatz in der Region. Eingeladen sind hierzu alle interessierten Kinder von der 5. bis zur 10. Klasse, unabh\u00e4ngig von Religion oder Konfession.&nbsp; &nbsp; Bereits Monate [&hellip;]<\/p>\n","protected":false},"author":7,"featured_media":255,"parent":42,"menu_order":0,"comment_status":"closed","ping_status":"closed","template":"","meta":{"ngg_post_thumbnail":0,"footnotes":""},"class_list":["post-82","page","type-page","status-publish","has-post-thumbnail","hentry"],"rttpg_featured_image_url":{"full":["https:\/\/i0.wp.com\/kjg-rebland.de\/wp-content\/uploads\/2017\/07\/18518047_1866853236901687_3590877955863006762_o.jpg?fit=2048%2C1536&ssl=1",2048,1536,false],"landscape":["https:\/\/kjg-rebland.de\/wp-content\/uploads\/2017\/07\/18518047_1866853236901687_3590877955863006762_o.jpg",2048,1536,false],"portraits":["https:\/\/kjg-rebland.de\/wp-content\/uploads\/2017\/07\/18518047_1866853236901687_3590877955863006762_o.jpg",2048,1536,false],"thumbnail":["https:\/\/i0.wp.com\/kjg-rebland.de\/wp-content\/uploads\/2017\/07\/18518047_1866853236901687_3590877955863006762_o.jpg?resize=150%2C150&ssl=1",150,150,true],"medium":["https:\/\/i0.wp.com\/kjg-rebland.de\/wp-content\/uploads\/2017\/07\/18518047_1866853236901687_3590877955863006762_o.jpg?fit=300%2C225&ssl=1",300,225,true],"large":["https:\/\/i0.wp.com\/kjg-rebland.de\/wp-content\/uploads\/2017\/07\/18518047_1866853236901687_3590877955863006762_o.jpg?fit=750%2C563&ssl=1",750,563,true],"1536x1536":["https:\/\/i0.wp.com\/kjg-rebland.de\/wp-content\/uploads\/2017\/07\/18518047_1866853236901687_3590877955863006762_o.jpg?fit=1536%2C1152&ssl=1",1536,1152,true],"2048x2048":["https:\/\/i0.wp.com\/kjg-rebland.de\/wp-content\/uploads\/2017\/07\/18518047_1866853236901687_3590877955863006762_o.jpg?fit=2048%2C1536&ssl=1",2048,1536,true],"hestia-blog":["https:\/\/i0.wp.com\/kjg-rebland.de\/wp-content\/uploads\/2017\/07\/18518047_1866853236901687_3590877955863006762_o.jpg?resize=360%2C240&ssl=1",360,240,true]},"rttpg_author":{"display_name":"KjG","author_link":"https:\/\/kjg-rebland.de\/?author=7"},"rttpg_comment":0,"rttpg_category":null,"rttpg_excerpt":"Das Zeltlager ist f\u00fcr uns als Verein das Highlight des Jahres! Jedes Jahr verreisen wir in den ersten beiden Wochen der Sommerferien gemeinsam zu einem Zeltplatz in der Region. Eingeladen sind hierzu alle interessierten Kinder von der 5. bis zur 10. Klasse, unabh\u00e4ngig von Religion oder Konfession.&nbsp; &nbsp; Bereits Monate [&hellip;]","_links":{"self":[{"href":"https:\/\/kjg-rebland.de\/index.php?rest_route=\/wp\/v2\/pages\/82","targetHints":{"allow":["GET"]}}],"collection":[{"href":"https:\/\/kjg-rebland.de\/index.php?rest_route=\/wp\/v2\/pages"}],"about":[{"href":"https:\/\/kjg-rebland.de\/index.php?rest_route=\/wp\/v2\/types\/page"}],"author":[{"embeddable":true,"href":"https:\/\/kjg-rebland.de\/index.php?rest_route=\/wp\/v2\/users\/7"}],"replies":[{"embeddable":true,"href":"https:\/\/kjg-rebland.de\/index.php?rest_route=%2Fwp%2Fv2%2Fcomments&post=82"}],"version-history":[{"count":6,"href":"https:\/\/kjg-rebland.de\/index.php?rest_route=\/wp\/v2\/pages\/82\/revisions"}],"predecessor-version":[{"id":1027,"href":"https:\/\/kjg-rebland.de\/index.php?rest_route=\/wp\/v2\/pages\/82\/revisions\/1027"}],"up":[{"embeddable":true,"href":"https:\/\/kjg-rebland.de\/index.php?rest_route=\/wp\/v2\/pages\/42"}],"wp:featuredmedia":[{"embeddable":true,"href":"https:\/\/kjg-rebland.de\/index.php?rest_route=\/wp\/v2\/media\/255"}],"wp:attachment":[{"href":"https:\/\/kjg-rebland.de\/index.php?rest_route=%2Fwp%2Fv2%2Fmedia&parent=82"}],"curies":[{"name":"wp","href":"https:\/\/api.w.org\/{rel}","templated":true}]}}