{"id":42,"date":"2017-07-02T13:33:43","date_gmt":"2017-07-02T11:33:43","guid":{"rendered":"https:\/\/kjg.aardvark.it\/?page_id=42"},"modified":"2022-09-01T17:03:30","modified_gmt":"2022-09-01T15:03:30","slug":"was-wir-tun","status":"publish","type":"page","link":"https:\/\/kjg-rebland.de\/?page_id=42","title":{"rendered":"Unsere Angebote"},"content":{"rendered":"<h2 class=\"contentheading\"><strong>Zeltlager<\/strong><\/h2>\n<p>Das Zeltlager bildet die gr\u00f6\u00dfte und aufw\u00e4ndigste Veranstaltung im Jahr f\u00fcr die KjG. Als festen Termin sind daf\u00fcr die ersten beiden Wochen in den Sommerferien geplant. Teilnehmen k\u00f6nnen alle Gruppenkinder von der 5. bis zur 10. Klasse &#8211; nat\u00fcrlich auch alle Freunde und Bekannte in dem Alter, die auch gerne mit gehen w\u00fcrden!<\/p>\n<p><a href=\"https:\/\/kjg-rebland.de\/?page_id=82\">Weiterlesen -&gt;<\/a><\/p>\n<h2 class=\"contentheading\"><strong>Kinderferienwoche<\/strong><\/h2>\n<p>Die Kinderferienwoche bildet den Einstieg in die KjG. Alle Erstkommunikanten des vorherigen Jahres werden dazu eingeladen. Unter der Leitung von erfahrenen Gruppenleitern werden auch die neuen Gruppenleiter eingelernt.<\/p>\n<p><a href=\"https:\/\/kjg-rebland.de\/?page_id=84\">Weiterlesen -&gt;<\/a><\/p>\n<h2 class=\"contentheading\"><strong>Gruppenstunden<\/strong><\/h2>\n<p>Jeder Sch\u00fcler und jede Sch\u00fclerin haben ab der 5. Klasse die M\u00f6glichkeit, die Gruppenstunde in ihrer Gemeinde zu besuchen. Jede Gemeinde hat f\u00fcr jeden Jahrgang jeweils einen Gruppenleiter f\u00fcr die M\u00e4dchen und einen f\u00fcr die Jungen.<\/p>\n<p><a href=\"https:\/\/kjg-rebland.de\/?page_id=87\">Weiterlesen -&gt;<\/a><\/p>\n<h2 class=\"contentheading\"><strong>Winzertage<\/strong><\/h2>\n<p>Wir sind auch&nbsp; jedes Jahr an den Mittelalterlichen Winzertage in Steinbach, mit unserem legend\u00e4ren Bowlestand vertreten.<\/p>\n<p><a href=\"https:\/\/kjg-rebland.de\/?page_id=382\">Weiterlesen -&gt;<\/a><br \/>\n<span class=\"text_exposed_show\"><br \/>\n<\/span><\/p>\n<h2><strong>Zahlen und Fakten<\/strong><\/h2>\n<p>Die freiwilligen Jugendarbeit erbringt eine gro\u00dfe gemeinn\u00fctzige Leistung in den einzelnen Kommunen. Diese m\u00f6chten wir an dieser Stelle mit einigen Zahlen etwas verdeutlichen&#8230;<\/p>\n<p><a href=\"https:\/\/kjg-rebland.de\/?page_id=89\">Weiterlesen -&gt;<\/a><\/p>\n","protected":false},"excerpt":{"rendered":"<p>Zeltlager Das Zeltlager bildet die gr\u00f6\u00dfte und aufw\u00e4ndigste Veranstaltung im Jahr f\u00fcr die KjG. Als festen Termin sind daf\u00fcr die ersten beiden Wochen in den Sommerferien geplant. Teilnehmen k\u00f6nnen alle Gruppenkinder von der 5. bis zur 10. Klasse &#8211; nat\u00fcrlich auch alle Freunde und Bekannte in dem Alter, die auch [&hellip;]<\/p>\n","protected":false},"author":7,"featured_media":0,"parent":0,"menu_order":0,"comment_status":"closed","ping_status":"closed","template":"","meta":{"ngg_post_thumbnail":0,"footnotes":""},"class_list":["post-42","page","type-page","status-publish","hentry"],"rttpg_featured_image_url":null,"rttpg_author":{"display_name":"KjG","author_link":"https:\/\/kjg-rebland.de\/?author=7"},"rttpg_comment":0,"rttpg_category":null,"rttpg_excerpt":"Zeltlager Das Zeltlager bildet die gr\u00f6\u00dfte und aufw\u00e4ndigste Veranstaltung im Jahr f\u00fcr die KjG. Als festen Termin sind daf\u00fcr die ersten beiden Wochen in den Sommerferien geplant. Teilnehmen k\u00f6nnen alle Gruppenkinder von der 5. bis zur 10. Klasse &#8211; nat\u00fcrlich auch alle Freunde und Bekannte in dem Alter, die auch [&hellip;]","_links":{"self":[{"href":"https:\/\/kjg-rebland.de\/index.php?rest_route=\/wp\/v2\/pages\/42","targetHints":{"allow":["GET"]}}],"collection":[{"href":"https:\/\/kjg-rebland.de\/index.php?rest_route=\/wp\/v2\/pages"}],"about":[{"href":"https:\/\/kjg-rebland.de\/index.php?rest_route=\/wp\/v2\/types\/page"}],"author":[{"embeddable":true,"href":"https:\/\/kjg-rebland.de\/index.php?rest_route=\/wp\/v2\/users\/7"}],"replies":[{"embeddable":true,"href":"https:\/\/kjg-rebland.de\/index.php?rest_route=%2Fwp%2Fv2%2Fcomments&post=42"}],"version-history":[{"count":15,"href":"https:\/\/kjg-rebland.de\/index.php?rest_route=\/wp\/v2\/pages\/42\/revisions"}],"predecessor-version":[{"id":938,"href":"https:\/\/kjg-rebland.de\/index.php?rest_route=\/wp\/v2\/pages\/42\/revisions\/938"}],"wp:attachment":[{"href":"https:\/\/kjg-rebland.de\/index.php?rest_route=%2Fwp%2Fv2%2Fmedia&parent=42"}],"curies":[{"name":"wp","href":"https:\/\/api.w.org\/{rel}","templated":true}]}}